{"id":563,"date":"2022-09-05T19:08:02","date_gmt":"2022-09-05T19:08:02","guid":{"rendered":"https:\/\/excentrosclandestinoscba.upc.edu.ar\/?page_id=563"},"modified":"2023-03-20T19:53:51","modified_gmt":"2023-03-20T19:53:51","slug":"libro-compilacion-sobre-el-destacamento-de-inteligencia","status":"publish","type":"page","link":"https:\/\/excentrosclandestinoscba.upc.edu.ar\/eng\/libro-compilacion-sobre-el-destacamento-de-inteligencia\/","title":{"rendered":"Libro compilaci\u00f3n sobre el Destacamento de Inteligencia"},"content":{"rendered":"<div data-elementor-type=\"wp-page\" data-elementor-id=\"563\" class=\"elementor elementor-563\">\n\t\t\t\t\t\t<section class=\"elementor-section elementor-top-section elementor-element elementor-element-bfb9fbf elementor-section-boxed elementor-section-height-default elementor-section-height-default\" data-id=\"bfb9fbf\" data-element_type=\"section\" data-e-type=\"section\">\n\t\t\t\t\t\t<div class=\"elementor-container elementor-column-gap-default\">\n\t\t\t\t\t<div class=\"elementor-column elementor-col-100 elementor-top-column elementor-element elementor-element-5ca5e0c\" data-id=\"5ca5e0c\" data-element_type=\"column\" data-e-type=\"column\">\n\t\t\t<div class=\"elementor-widget-wrap elementor-element-populated\">\n\t\t\t\t\t\t<div class=\"elementor-element elementor-element-a06204a elementor-widget elementor-widget-heading\" data-id=\"a06204a\" data-element_type=\"widget\" data-e-type=\"widget\" data-widget_type=\"heading.default\">\n\t\t\t\t<div class=\"elementor-widget-container\">\n\t\t\t\t\t<h3 class=\"elementor-heading-title elementor-size-default\">Libro compilaci\u00f3n sobre el Destacamento de Inteligencia<\/h3>\t\t\t\t<\/div>\n\t\t\t\t<\/div>\n\t\t\t\t\t<\/div>\n\t\t<\/div>\n\t\t\t\t\t<\/div>\n\t\t<\/section>\n\t\t\t\t<section class=\"elementor-section elementor-top-section elementor-element elementor-element-4c3afa7 elementor-section-boxed elementor-section-height-default elementor-section-height-default\" data-id=\"4c3afa7\" data-element_type=\"section\" data-e-type=\"section\">\n\t\t\t\t\t\t<div class=\"elementor-container elementor-column-gap-default\">\n\t\t\t\t\t<div class=\"elementor-column elementor-col-100 elementor-top-column elementor-element elementor-element-c15fac3\" data-id=\"c15fac3\" data-element_type=\"column\" data-e-type=\"column\">\n\t\t\t<div class=\"elementor-widget-wrap elementor-element-populated\">\n\t\t\t\t\t\t<section class=\"elementor-section elementor-inner-section elementor-element elementor-element-1d477b4 elementor-section-content-middle elementor-section-boxed elementor-section-height-default elementor-section-height-default\" data-id=\"1d477b4\" data-element_type=\"section\" data-e-type=\"section\" data-settings=\"{&quot;background_background&quot;:&quot;classic&quot;}\">\n\t\t\t\t\t\t<div class=\"elementor-container elementor-column-gap-default\">\n\t\t\t\t\t<div class=\"elementor-column elementor-col-50 elementor-inner-column elementor-element elementor-element-128acab\" data-id=\"128acab\" data-element_type=\"column\" data-e-type=\"column\">\n\t\t\t<div class=\"elementor-widget-wrap elementor-element-populated\">\n\t\t\t\t\t\t<div class=\"elementor-element elementor-element-076389a elementor-widget elementor-widget-image\" data-id=\"076389a\" data-element_type=\"widget\" data-e-type=\"widget\" data-widget_type=\"image.default\">\n\t\t\t\t<div class=\"elementor-widget-container\">\n\t\t\t\t\t\t\t\t\t\t\t\t\t\t\t<img fetchpriority=\"high\" decoding=\"async\" width=\"504\" height=\"711\" src=\"https:\/\/excentrosclandestinoscba.upc.edu.ar\/wp-content\/uploads\/2022\/10\/Captura-de-Pantalla-2022-10-14-a-las-14.08.33.png\" class=\"attachment-large size-large wp-image-816\" alt=\"\" srcset=\"https:\/\/excentrosclandestinoscba.upc.edu.ar\/wp-content\/uploads\/2022\/10\/Captura-de-Pantalla-2022-10-14-a-las-14.08.33.png 504w, https:\/\/excentrosclandestinoscba.upc.edu.ar\/wp-content\/uploads\/2022\/10\/Captura-de-Pantalla-2022-10-14-a-las-14.08.33-213x300.png 213w, https:\/\/excentrosclandestinoscba.upc.edu.ar\/wp-content\/uploads\/2022\/10\/Captura-de-Pantalla-2022-10-14-a-las-14.08.33-9x12.png 9w\" sizes=\"(max-width: 504px) 100vw, 504px\" \/>\t\t\t\t\t\t\t\t\t\t\t\t\t\t\t<\/div>\n\t\t\t\t<\/div>\n\t\t\t\t\t<\/div>\n\t\t<\/div>\n\t\t\t\t<div class=\"elementor-column elementor-col-50 elementor-inner-column elementor-element elementor-element-ddc296e\" data-id=\"ddc296e\" data-element_type=\"column\" data-e-type=\"column\">\n\t\t\t<div class=\"elementor-widget-wrap elementor-element-populated\">\n\t\t\t\t\t\t<div class=\"elementor-element elementor-element-50361ad elementor-widget elementor-widget-heading\" data-id=\"50361ad\" data-element_type=\"widget\" data-e-type=\"widget\" data-widget_type=\"heading.default\">\n\t\t\t\t<div class=\"elementor-widget-container\">\n\t\t\t\t\t<h4 class=\"elementor-heading-title elementor-size-default\">Pr\u00f3logo<\/h4>\t\t\t\t<\/div>\n\t\t\t\t<\/div>\n\t\t\t\t<div class=\"elementor-element elementor-element-d485d80 elementor-widget elementor-widget-text-editor\" data-id=\"d485d80\" data-element_type=\"widget\" data-e-type=\"widget\" data-widget_type=\"text-editor.default\">\n\t\t\t\t<div class=\"elementor-widget-container\">\n\t\t\t\t\t\t\t\t\t<p>Redactar un pr\u00f3logo para esta obra imprescindible, que nos representa en toda su dimensi\u00f3n en tanto historia vivida, es al menos una tremenda responsabilidad, un llamado a no dejar que el desconocimiento se transforme en olvido y una invitaci\u00f3n a formar parte de este gran desaf\u00edo, por lo que va mi profundo agradecimiento por todo ello.<\/p>\n<p>En primer lugar, la historia. La historia documentada, la historia sucedida, la historia que debiera interpelarnos para comprender, para conocer y que el \u201cnunca m\u00e1s\u201d sea verdaderamente una posibilidad cierta.<\/p>\n<p>En lo que a m\u00ed respecta, en tanto Rectora Normalizadora de la Universidad Provincial de C\u00f3rdoba, nuestra querida UPC, transitar nuestros espacios en la Ciudad de las Artes, recordar siempre que justamente en esos espacios funcion\u00f3 el Batall\u00f3n de Comunicaciones 141, centro de inteligencia y reivindicado por quienes lo dirig\u00edan orgullosamente como centro de combate, me hace sentir pensar que hemos triunfado.<\/p>\n<p>Justamente all\u00ed viven y crecen nuestras escuelas de arte, transita el p\u00fablico por nuestra sala mayor abierta a la comunidad toda, los estudiantes se re\u00fanen y disfrutan su vida universitaria en libertad, con alegr\u00eda y donde el miedo no existe, no les pertenece, no es siquiera una posibilidad.<\/p>\n<p>Hemos triunfado.<\/p>\n<p>Pero todav\u00eda debemos compartir esta historia que tambi\u00e9n nos pertenece, porque la hemos vivido, porque sucedi\u00f3 y porque todav\u00eda es a\u00f1orada por ciertos sectores.<\/p>\n<p><\/p>\t\t\t\t\t\t\t\t<\/div>\n\t\t\t\t<\/div>\n\t\t\t\t<div class=\"elementor-element elementor-element-fce1d7a elementor-widget elementor-widget-button\" data-id=\"fce1d7a\" data-element_type=\"widget\" data-e-type=\"widget\" data-widget_type=\"button.default\">\n\t\t\t\t<div class=\"elementor-widget-container\">\n\t\t\t\t\t\t\t\t\t<div class=\"elementor-button-wrapper\">\n\t\t\t\t\t<a class=\"elementor-button elementor-button-link elementor-size-sm\" href=\"http:\/\/excentrosclandestinoscba.upc.edu.ar\/wp-content\/uploads\/2023\/03\/El-Destacamento-de-Inteligencia-General-Iribarren_RGB_Digital-1.pdf\" target=\"_blank\">\n\t\t\t\t\t\t<span class=\"elementor-button-content-wrapper\">\n\t\t\t\t\t\t<span class=\"elementor-button-icon\">\n\t\t\t\t<i aria-hidden=\"true\" class=\"fas fa-file-download\"><\/i>\t\t\t<\/span>\n\t\t\t\t\t\t\t\t\t<span class=\"elementor-button-text\">Download<\/span>\n\t\t\t\t\t<\/span>\n\t\t\t\t\t<\/a>\n\t\t\t\t<\/div>\n\t\t\t\t\t\t\t\t<\/div>\n\t\t\t\t<\/div>\n\t\t\t\t\t<\/div>\n\t\t<\/div>\n\t\t\t\t\t<\/div>\n\t\t<\/section>\n\t\t\t\t\t<\/div>\n\t\t<\/div>\n\t\t\t\t\t<\/div>\n\t\t<\/section>\n\t\t\t\t<\/div>","protected":false},"excerpt":{"rendered":"<p>Pr\u00f3logo Redactar un pr\u00f3logo para esta obra imprescindible, que nos representa en toda su dimensi\u00f3n en tanto historia vivida, es al menos una tremenda responsabilidad, un llamado a no dejar que el desconocimiento se transforme en olvido y una invitaci\u00f3n a formar parte de este gran desaf\u00edo, por lo que va mi profundo agradecimiento por [&hellip;]<\/p>\n","protected":false},"author":3,"featured_media":342,"parent":0,"menu_order":0,"comment_status":"closed","ping_status":"closed","template":"","meta":{"footnotes":""},"class_list":["post-563","page","type-page","status-publish","has-post-thumbnail","hentry"],"_links":{"self":[{"href":"https:\/\/excentrosclandestinoscba.upc.edu.ar\/eng\/wp-json\/wp\/v2\/pages\/563","targetHints":{"allow":["GET"]}}],"collection":[{"href":"https:\/\/excentrosclandestinoscba.upc.edu.ar\/eng\/wp-json\/wp\/v2\/pages"}],"about":[{"href":"https:\/\/excentrosclandestinoscba.upc.edu.ar\/eng\/wp-json\/wp\/v2\/types\/page"}],"author":[{"embeddable":true,"href":"https:\/\/excentrosclandestinoscba.upc.edu.ar\/eng\/wp-json\/wp\/v2\/users\/3"}],"replies":[{"embeddable":true,"href":"https:\/\/excentrosclandestinoscba.upc.edu.ar\/eng\/wp-json\/wp\/v2\/comments?post=563"}],"version-history":[{"count":22,"href":"https:\/\/excentrosclandestinoscba.upc.edu.ar\/eng\/wp-json\/wp\/v2\/pages\/563\/revisions"}],"predecessor-version":[{"id":826,"href":"https:\/\/excentrosclandestinoscba.upc.edu.ar\/eng\/wp-json\/wp\/v2\/pages\/563\/revisions\/826"}],"wp:featuredmedia":[{"embeddable":true,"href":"https:\/\/excentrosclandestinoscba.upc.edu.ar\/eng\/wp-json\/wp\/v2\/media\/342"}],"wp:attachment":[{"href":"https:\/\/excentrosclandestinoscba.upc.edu.ar\/eng\/wp-json\/wp\/v2\/media?parent=563"}],"curies":[{"name":"wp","href":"https:\/\/api.w.org\/{rel}","templated":true}]}}